{"id":459,"date":"2021-03-31T15:45:34","date_gmt":"2021-03-31T15:45:34","guid":{"rendered":"http:\/\/www.scvanatorigl.ro\/?page_id=459"},"modified":"2021-04-02T10:18:58","modified_gmt":"2021-04-02T10:18:58","slug":"materiale","status":"publish","type":"page","link":"https:\/\/www.scvanatorigl.ro\/index.php\/materiale\/","title":{"rendered":"Materiale"},"content":{"rendered":"\n<p class=\"has-text-align-center\"><strong>\u0218COALA GIMNAZIAL\u0102 \u201dSF.NICOLAE\u201d V\u00c2N\u0102TORI<\/strong><\/p>\n\n\n\n<p class=\"has-text-align-center\"><strong><em><span class=\"has-inline-color has-vivid-cyan-blue-color\">RESURSE MATERIALE<\/span><\/em><\/strong><\/p>\n\n\n\n<ul class=\"wp-block-list\"><li>s\u0103li de clas\u0103 dotate cu mobilier modular, amenajate corespunz\u0103tor unui mediu de \u00eenv\u0103\u0163are;<\/li><li>s\u0103li de clas\u0103&nbsp; dotate cu videoproiector, ecran de proiec\u0163ie, note book-uri, laptopuri;<\/li><li>mijloace \u015fi materiale didactice moderne de \u00eenv\u0103\u0163\u0103m\u00e2nt: table ecologice, flipchart-uri, trepiede;<\/li><li>aer condi\u021bionat;<\/li><li>conectare la Internet;<\/li><li>sistem video de siguran\u0163\u0103;<\/li><li>xerox, scaner, imprimante;<\/li><li>bibliotec\u0103 \u015fcolar\u0103;<\/li><li>teren de sport bituminat dotat cu por\u0163i de handbal;<\/li><li>centrale termice proprii;<\/li><li>ferestre \u015fi u\u015fi termoizolante.<\/li><\/ul>\n\n\n\n<p class=\"has-text-align-center\"><strong><em><span class=\"has-inline-color has-vivid-cyan-blue-color\">STRUCTURA<\/span><\/em><\/strong><\/p>\n\n\n\n<ul class=\"wp-block-list\"><li>1 laborator de informatic\u0103<\/li><li>8 s\u0103li de clas\u0103<\/li><li>1 secretariat<\/li><li>1 cabinet contabilitate<\/li><li>1 cabinet director<\/li><li>1 cancelarie<\/li><li>1 sal\u0103 de sport<\/li><li>1 spa\u0163iu de recreere<\/li><li>toalete \u00een interior<\/li><li>1 sal\u0103 bibliotec\u0103<\/li><li>1 sal\u0103 arhiv\u0103<\/li><li>1 spa\u0163iu lapte-corn<\/li><li>2 camere centrale termice<\/li><li>2 magazii<\/li><\/ul>\n","protected":false},"excerpt":{"rendered":"<p>\u0218COALA GIMNAZIAL\u0102 \u201dSF.NICOLAE\u201d V\u00c2N\u0102TORI RESURSE MATERIALE s\u0103li de clas\u0103 dotate cu mobilier modular, amenajate corespunz\u0103tor unui mediu de \u00eenv\u0103\u0163are; s\u0103li de clas\u0103&nbsp; dotate cu videoproiector, ecran de proiec\u0163ie, note book-uri, laptopuri; mijloace \u015fi materiale didactice moderne de \u00eenv\u0103\u0163\u0103m\u00e2nt: table ecologice, flipchart-uri, trepiede; aer condi\u021bionat; conectare la Internet; sistem video de siguran\u0163\u0103; xerox, scaner, imprimante; bibliotec\u0103 &#8230; <a title=\"Materiale\" class=\"read-more\" href=\"https:\/\/www.scvanatorigl.ro\/index.php\/materiale\/\" aria-label=\"Cite\u0219te mai multe despre Materiale\">Cite\u0219te mai mult<\/a><\/p>\n","protected":false},"author":1,"featured_media":0,"parent":0,"menu_order":0,"comment_status":"closed","ping_status":"closed","template":"","meta":{"footnotes":""},"class_list":["post-459","page","type-page","status-publish"],"jetpack_sharing_enabled":true,"_links":{"self":[{"href":"https:\/\/www.scvanatorigl.ro\/index.php\/wp-json\/wp\/v2\/pages\/459","targetHints":{"allow":["GET"]}}],"collection":[{"href":"https:\/\/www.scvanatorigl.ro\/index.php\/wp-json\/wp\/v2\/pages"}],"about":[{"href":"https:\/\/www.scvanatorigl.ro\/index.php\/wp-json\/wp\/v2\/types\/page"}],"author":[{"embeddable":true,"href":"https:\/\/www.scvanatorigl.ro\/index.php\/wp-json\/wp\/v2\/users\/1"}],"replies":[{"embeddable":true,"href":"https:\/\/www.scvanatorigl.ro\/index.php\/wp-json\/wp\/v2\/comments?post=459"}],"version-history":[{"count":4,"href":"https:\/\/www.scvanatorigl.ro\/index.php\/wp-json\/wp\/v2\/pages\/459\/revisions"}],"predecessor-version":[{"id":675,"href":"https:\/\/www.scvanatorigl.ro\/index.php\/wp-json\/wp\/v2\/pages\/459\/revisions\/675"}],"wp:attachment":[{"href":"https:\/\/www.scvanatorigl.ro\/index.php\/wp-json\/wp\/v2\/media?parent=459"}],"curies":[{"name":"wp","href":"https:\/\/api.w.org\/{rel}","templated":true}]}}