{"id":299,"date":"2021-03-19T08:16:54","date_gmt":"2021-03-19T08:16:54","guid":{"rendered":"http:\/\/www.scvanatorigl.ro\/?page_id=299"},"modified":"2026-03-23T16:04:08","modified_gmt":"2026-03-23T14:04:08","slug":"clasa-pregatitoare","status":"publish","type":"page","link":"https:\/\/www.scvanatorigl.ro\/index.php\/clasa-pregatitoare\/","title":{"rendered":"Clasa preg\u0103titoare"},"content":{"rendered":"\n<p class=\"has-base-2-background-color has-background\"><strong>Anul \u0219colar 2026-2027 <\/strong><\/p>\n\n\n\n<ul class=\"wp-block-list\">\n<li>Oferta educa\u021bional\u0103 <strong>(2 clase \/ 48 elevi)<\/strong><\/li>\n\n\n\n<li><a href=\"https:\/\/www.scvanatorigl.ro\/wp-content\/uploads\/2026\/03\/Ordin-Nr.-3.334-Calendar-inscriere-clasa-pregatitoare-2026-2027.pdf\">Calendar \u00eenscriere clasa preg\u0103titoare, anul \u0219colar 2026-2027<\/a><\/li>\n\n\n\n<li><a href=\"https:\/\/www.scvanatorigl.ro\/wp-content\/uploads\/2026\/03\/CERERE-TIP_CLSPRG_2026_ETAPA_I.pdf\">Cerere tip \u00eenscriere clasa preg\u0103titoare, anul \u0219colar 2026-2027<\/a><\/li>\n<\/ul>\n\n\n\n<p class=\"has-base-2-background-color has-background\"><strong>Anul \u0219colar 2025-2026 <\/strong><\/p>\n\n\n\n<ul class=\"wp-block-list\">\n<li>Oferta educa\u021bional\u0103 <strong>(2 clase \/ 44 elevi)<\/strong><\/li>\n\n\n\n<li><a href=\"https:\/\/www.edu.ro\/etichete\/%C3%AEnv%C4%83%C8%9B%C4%83m%C3%A2nt-primar-0\">Metodologie \u0219i calendar \u00eenscriere clasa preg\u0103titoare, anul \u0219colar 2025-2026<\/a><\/li>\n\n\n\n<li><a href=\"https:\/\/www.scvanatorigl.ro\/wp-content\/uploads\/2025\/07\/13419_CERERE-TIP_clasa_pregatitoare_2025.pdf\">Cerere tip \u00eenscriere clasa preg\u0103titoare, anul \u0219colar 2025-2026<\/a><\/li>\n<\/ul>\n\n\n\n<p class=\"has-base-2-background-color has-background\" style=\"font-size:16px\"><strong>Anul \u0219colar 2024-2025 <\/strong><\/p>\n\n\n\n<ul class=\"wp-block-list\">\n<li>Oferta educa\u021bional\u0103 <strong>(2 clase \/ 44 elevi)<\/strong><\/li>\n\n\n\n<li><a href=\"https:\/\/www.scvanatorigl.ro\/wp-content\/uploads\/2024\/03\/a.3124-O.M.E.-4019_2024-inscriere-inv.primar-2024_2025.pdf\">Metodologie \u0219i calendar \u00eenscriere clasa preg\u0103titoare, anul \u0219colar 2024-2025<\/a><\/li>\n\n\n\n<li><a href=\"https:\/\/www.scvanatorigl.ro\/wp-content\/uploads\/2024\/03\/cerere-2024-2025.pdf\">Cerere tip \u00eenscriere clasa preg\u0103titoare, anul \u0219colar 2024-2025<\/a><\/li>\n<\/ul>\n\n\n\n<p class=\"has-base-2-background-color has-background\" style=\"font-size:17px\"><strong>Anul \u0219colar 2023-2024 <\/strong><\/p>\n\n\n\n<ul class=\"wp-block-list\">\n<li>Oferta educa\u021bional\u0103 <strong>(2 clase \/ 40 elevi)<\/strong><\/li>\n\n\n\n<li>\u00cen perioada 11.04.2023-10.05.2023 se fac \u00eenscrieri \u00een \u00cenv\u0103\u021b\u0103m\u00e2ntul Primar, Clasa Preg\u0103titoare pentru anul \u0219colar 2023-2024, la secretariatul \u0218colii Gimnaziale \u201eSf\u00e2ntul Nicolae\u201d, V\u00e2n\u0103tori, de luni p\u00e2n\u0103 vineri \u00een intervalul orar 9,00-14,00.<\/li>\n\n\n\n<li><a href=\"http:\/\/www.isj.gl.edu.ro\/html\/INSPECTOR\/PRIMAR\/2023\/OM_3704_2023_calendar_inscriere_primar.pdf\">Metodologie \u0219i calendar \u00eenscriere clasa preg\u0103titoare, anul \u0219colar 2023-2024<\/a><\/li>\n\n\n\n<li><a href=\"https:\/\/www.scvanatorigl.ro\/wp-content\/uploads\/2023\/05\/cerere-tip-inscriere-CP.pdf\">Cerere tip \u00eenscriere clasa preg\u0103titoare, anul \u0219colar 2023-2024<\/a><\/li>\n<\/ul>\n\n\n\n<p class=\"has-base-2-background-color has-background\" style=\"font-size:16px\"><strong>Anul \u0219colar 2022-2023 <\/strong><\/p>\n\n\n\n<ul class=\"wp-block-list\">\n<li>Oferta educa\u021bional\u0103 <strong>(2 clase \/ 37 elevi)<\/strong><\/li>\n\n\n\n<li><a href=\"https:\/\/www.scvanatorigl.ro\/wp-content\/uploads\/2022\/03\/metodologie-invat.primar_2022-2023.pdf\">Metodologie \u0219i calendar \u00eenscriere clasa preg\u0103titoare, anul \u0219colar 2022-2023<\/a><\/li>\n\n\n\n<li>Lista copiilor inscrisi la clasa pregatitoare pentru anul scolar 2022-2023<\/li>\n<\/ul>\n\n\n\n<p class=\"has-contrast-color has-text-color has-link-color wp-elements-18adc3a1ef6930ca4b7e16ffd75a246c\" style=\"font-size:16px\"><\/p>\n\n\n\n<p><\/p>\n","protected":false},"excerpt":{"rendered":"<p>Anul \u0219colar 2026-2027 Anul \u0219colar 2025-2026 Anul \u0219colar 2024-2025 Anul \u0219colar 2023-2024 Anul \u0219colar 2022-2023<\/p>\n","protected":false},"author":1,"featured_media":0,"parent":0,"menu_order":0,"comment_status":"closed","ping_status":"closed","template":"","meta":{"footnotes":""},"class_list":["post-299","page","type-page","status-publish"],"jetpack_sharing_enabled":true,"_links":{"self":[{"href":"https:\/\/www.scvanatorigl.ro\/index.php\/wp-json\/wp\/v2\/pages\/299","targetHints":{"allow":["GET"]}}],"collection":[{"href":"https:\/\/www.scvanatorigl.ro\/index.php\/wp-json\/wp\/v2\/pages"}],"about":[{"href":"https:\/\/www.scvanatorigl.ro\/index.php\/wp-json\/wp\/v2\/types\/page"}],"author":[{"embeddable":true,"href":"https:\/\/www.scvanatorigl.ro\/index.php\/wp-json\/wp\/v2\/users\/1"}],"replies":[{"embeddable":true,"href":"https:\/\/www.scvanatorigl.ro\/index.php\/wp-json\/wp\/v2\/comments?post=299"}],"version-history":[{"count":15,"href":"https:\/\/www.scvanatorigl.ro\/index.php\/wp-json\/wp\/v2\/pages\/299\/revisions"}],"predecessor-version":[{"id":2603,"href":"https:\/\/www.scvanatorigl.ro\/index.php\/wp-json\/wp\/v2\/pages\/299\/revisions\/2603"}],"wp:attachment":[{"href":"https:\/\/www.scvanatorigl.ro\/index.php\/wp-json\/wp\/v2\/media?parent=299"}],"curies":[{"name":"wp","href":"https:\/\/api.w.org\/{rel}","templated":true}]}}