{"id":2448,"date":"2025-10-22T11:53:14","date_gmt":"2025-10-22T08:53:14","guid":{"rendered":"https:\/\/www.scvanatorigl.ro\/?page_id=2448"},"modified":"2025-10-22T11:58:44","modified_gmt":"2025-10-22T08:58:44","slug":"declaratie-privind-accesibilitatea","status":"publish","type":"page","link":"https:\/\/www.scvanatorigl.ro\/index.php\/declaratie-privind-accesibilitatea\/","title":{"rendered":"Declara\u021bie privind accesibilitatea"},"content":{"rendered":"\n<p class=\"has-contrast-color has-text-color has-link-color wp-elements-ee4584694d15bcb8412e96780ecb8cbc\"><strong>\u0218coala Gimnazial\u0103 \u201cSf\u00e2ntul Nicolae\u201d, comuna V\u00e2n\u0103tori, se angajeaz\u0103 s\u0103 asigure accesibilitatea site-ului s\u0103u web \u00een conformitate cu Ordonan\u0163a de Urgen\u0163\u0103 a Guvernului nr. 112\/2018 privind accesibilitatea site-urilor web \u015fi a aplica\u0163iilor mobile ale organismelor din sectorul public, aprobat\u0103 prin Legea nr. 90\/2019 (OUG nr. 112\/2018).<\/strong><\/p>\n\n\n\n<p><strong>Prezenta declara\u0163ie privind accesibilitatea este valabil\u0103 pentru:&nbsp;<a href=\"https:\/\/www.scvanatorigl.ro\">https:\/\/www.scvanatorigl.ro<\/a><\/strong><\/p>\n\n\n\n<p><strong>Acest site web este conform cu OUG nr. 112\/2018.<\/strong><\/p>\n\n\n\n<p><strong><strong>\u0218coala Gimnazial\u0103 \u201cSf\u00e2ntul Nicolae\u201d, comuna V\u00e2n\u0103tori<\/strong> nu are disponibil\u0103 o aplica\u021bie de mobil, dar portalul&nbsp;<\/strong><a href=\"https:\/\/www.scvanatorigl.ro\"><strong>https:\/\/www.scvanatorigl.ro<\/strong><\/a><strong>&nbsp;este disponibil \u00een vederea acces\u0103rii de pe toate dispozitivele mobile.<\/strong><\/p>\n\n\n\n<p><strong>Elaborarea prezentei declara\u0163ii privind accesibilitatea<\/strong><\/p>\n\n\n\n<ul class=\"wp-block-list\">\n<li><strong>Prezenta declara\u0163ie a fost elaborat\u0103 la data<\/strong><\/li>\n<\/ul>\n\n\n\n<p><strong>Feedback \u015fi date de contact:<\/strong><\/p>\n\n\n\n<ul class=\"wp-block-list\">\n<li><strong>email:&nbsp;scoala_vinatori@yahoo.com<\/strong><\/li>\n\n\n\n<li><strong>tel.0236344128<\/strong><\/li>\n<\/ul>\n\n\n\n<p><strong>Declaratie de accesibilitate site<\/strong><\/p>\n","protected":false},"excerpt":{"rendered":"<p>\u0218coala Gimnazial\u0103 \u201cSf\u00e2ntul Nicolae\u201d, comuna V\u00e2n\u0103tori, se angajeaz\u0103 s\u0103 asigure accesibilitatea site-ului s\u0103u web \u00een conformitate cu Ordonan\u0163a de Urgen\u0163\u0103 a Guvernului nr. 112\/2018 privind accesibilitatea site-urilor web \u015fi a aplica\u0163iilor mobile ale organismelor din sectorul public, aprobat\u0103 prin Legea nr. 90\/2019 (OUG nr. 112\/2018). Prezenta declara\u0163ie privind accesibilitatea este valabil\u0103 pentru:&nbsp;https:\/\/www.scvanatorigl.ro Acest site web &#8230; <a title=\"Declara\u021bie privind accesibilitatea\" class=\"read-more\" href=\"https:\/\/www.scvanatorigl.ro\/index.php\/declaratie-privind-accesibilitatea\/\" aria-label=\"Cite\u0219te mai multe despre Declara\u021bie privind accesibilitatea\">Cite\u0219te mai mult<\/a><\/p>\n","protected":false},"author":1,"featured_media":0,"parent":0,"menu_order":0,"comment_status":"closed","ping_status":"closed","template":"","meta":{"footnotes":""},"class_list":["post-2448","page","type-page","status-publish"],"jetpack_sharing_enabled":true,"_links":{"self":[{"href":"https:\/\/www.scvanatorigl.ro\/index.php\/wp-json\/wp\/v2\/pages\/2448","targetHints":{"allow":["GET"]}}],"collection":[{"href":"https:\/\/www.scvanatorigl.ro\/index.php\/wp-json\/wp\/v2\/pages"}],"about":[{"href":"https:\/\/www.scvanatorigl.ro\/index.php\/wp-json\/wp\/v2\/types\/page"}],"author":[{"embeddable":true,"href":"https:\/\/www.scvanatorigl.ro\/index.php\/wp-json\/wp\/v2\/users\/1"}],"replies":[{"embeddable":true,"href":"https:\/\/www.scvanatorigl.ro\/index.php\/wp-json\/wp\/v2\/comments?post=2448"}],"version-history":[{"count":3,"href":"https:\/\/www.scvanatorigl.ro\/index.php\/wp-json\/wp\/v2\/pages\/2448\/revisions"}],"predecessor-version":[{"id":2453,"href":"https:\/\/www.scvanatorigl.ro\/index.php\/wp-json\/wp\/v2\/pages\/2448\/revisions\/2453"}],"wp:attachment":[{"href":"https:\/\/www.scvanatorigl.ro\/index.php\/wp-json\/wp\/v2\/media?parent=2448"}],"curies":[{"name":"wp","href":"https:\/\/api.w.org\/{rel}","templated":true}]}}