{"id":2441,"date":"2025-10-22T11:30:06","date_gmt":"2025-10-22T08:30:06","guid":{"rendered":"https:\/\/www.scvanatorigl.ro\/?page_id=2441"},"modified":"2026-02-02T13:37:26","modified_gmt":"2026-02-02T11:37:26","slug":"declaratii-de-interese","status":"publish","type":"page","link":"https:\/\/www.scvanatorigl.ro\/index.php\/declaratii-de-interese\/","title":{"rendered":"Declara\u021bii de interese"},"content":{"rendered":"\n<p><\/p>\n\n\n\n<p><a href=\"https:\/\/www.scvanatorigl.ro\/wp-content\/uploads\/2025\/10\/ordin_procedura_declaratie-de-interese.pdf\">ORDIN nr. 3.051 din 11 ianuarie 2024 privind aprobarea Procedurii pentru completarea declara\u021biilor de interese de c\u0103tre personalul didactic de predare<\/a><\/p>\n\n\n\n<ul class=\"wp-block-list\">\n<li><a href=\"https:\/\/www.scoala7galati.ro\/images\/sampledata\/cassiopeia\/declaratii_interese\/Anexa-2-declaratie-de-interese-profesor.pdf\">Anexa-2-declaratie-de-interese-profesor.pdf<\/a><\/li>\n\n\n\n<li><a href=\"https:\/\/www.scoala7galati.ro\/images\/sampledata\/cassiopeia\/declaratii_interese\/Anexa-2-declaratie-de-interese-profesor.docx\">Anexa-2-declaratie-de-interese-profesor.docx<\/a><\/li>\n<\/ul>\n\n\n\n<p>Declara\u021bia de interese cuprinde norma didactic\u0103 \u0219i activit\u0103\u021bile de predare la clasa\/clasele la care personalul didactic de predare este \u00eencadrat \u00een anul \u0219colar \u00een curs, conform modelului standard prev\u0103zut \u00een anexa nr.2 care face parte integranta din prezenta procedur\u0103.<\/p>\n\n\n\n<ul class=\"wp-block-list\">\n<li><strong><a href=\"https:\/\/www.scvanatorigl.ro\/wp-content\/uploads\/2026\/02\/DI_cadre-didactice_2025-2026.pdf\">Declara\u021biile de interese ale personalului didactic pentru anul \u0219colar 2025-2026<\/a><\/strong><\/li>\n\n\n\n<li><a href=\"https:\/\/www.scvanatorigl.ro\/wp-content\/uploads\/2025\/03\/DECLARATII-DE-INTERESE-2024-2025a.pdf\"><strong>Declara\u021biile de interese ale personalului didactic pentru anul \u0219colar 2024-2025<\/strong><\/a><\/li>\n<\/ul>\n\n\n\n<p><\/p>\n","protected":false},"excerpt":{"rendered":"<p>ORDIN nr. 3.051 din 11 ianuarie 2024 privind aprobarea Procedurii pentru completarea declara\u021biilor de interese de c\u0103tre personalul didactic de predare Declara\u021bia de interese cuprinde norma didactic\u0103 \u0219i activit\u0103\u021bile de predare la clasa\/clasele la care personalul didactic de predare este \u00eencadrat \u00een anul \u0219colar \u00een curs, conform modelului standard prev\u0103zut \u00een anexa nr.2 care face &#8230; <a title=\"Declara\u021bii de interese\" class=\"read-more\" href=\"https:\/\/www.scvanatorigl.ro\/index.php\/declaratii-de-interese\/\" aria-label=\"Cite\u0219te mai multe despre Declara\u021bii de interese\">Cite\u0219te mai mult<\/a><\/p>\n","protected":false},"author":1,"featured_media":0,"parent":0,"menu_order":0,"comment_status":"closed","ping_status":"closed","template":"","meta":{"footnotes":""},"class_list":["post-2441","page","type-page","status-publish"],"jetpack_sharing_enabled":true,"_links":{"self":[{"href":"https:\/\/www.scvanatorigl.ro\/index.php\/wp-json\/wp\/v2\/pages\/2441","targetHints":{"allow":["GET"]}}],"collection":[{"href":"https:\/\/www.scvanatorigl.ro\/index.php\/wp-json\/wp\/v2\/pages"}],"about":[{"href":"https:\/\/www.scvanatorigl.ro\/index.php\/wp-json\/wp\/v2\/types\/page"}],"author":[{"embeddable":true,"href":"https:\/\/www.scvanatorigl.ro\/index.php\/wp-json\/wp\/v2\/users\/1"}],"replies":[{"embeddable":true,"href":"https:\/\/www.scvanatorigl.ro\/index.php\/wp-json\/wp\/v2\/comments?post=2441"}],"version-history":[{"count":3,"href":"https:\/\/www.scvanatorigl.ro\/index.php\/wp-json\/wp\/v2\/pages\/2441\/revisions"}],"predecessor-version":[{"id":2522,"href":"https:\/\/www.scvanatorigl.ro\/index.php\/wp-json\/wp\/v2\/pages\/2441\/revisions\/2522"}],"wp:attachment":[{"href":"https:\/\/www.scvanatorigl.ro\/index.php\/wp-json\/wp\/v2\/media?parent=2441"}],"curies":[{"name":"wp","href":"https:\/\/api.w.org\/{rel}","templated":true}]}}